{"id":6696,"date":"2024-10-30T14:37:29","date_gmt":"2024-10-30T12:37:29","guid":{"rendered":"https:\/\/www.galeriegrenadine.com\/melun\/?page_id=6696"},"modified":"2026-02-26T15:00:09","modified_gmt":"2026-02-26T13:00:09","slug":"location-photobooth-77-melun-fontainebleau","status":"publish","type":"page","link":"https:\/\/www.galeriegrenadine.com\/melun\/location-photobooth-77-melun-fontainebleau\/","title":{"rendered":"Location Photobooth 77 &#8211; Melun &#8211; Fontainebleau"},"content":{"rendered":"<p>[et_pb_section fb_built=\u00a0\u00bb1&Prime; _builder_version=\u00a0\u00bb4.22.1&Prime; _module_preset=\u00a0\u00bbdefault\u00a0\u00bb hover_enabled=\u00a0\u00bb0&Prime; global_colors_info=\u00a0\u00bb{}\u00a0\u00bb sticky_enabled=\u00a0\u00bb0&Prime;][et_pb_row column_structure=\u00a0\u00bb1_2,1_2&Prime; _builder_version=\u00a0\u00bb4.22.1&Prime; _module_preset=\u00a0\u00bbdefault\u00a0\u00bb global_colors_info=\u00a0\u00bb{}\u00a0\u00bb][et_pb_column type=\u00a0\u00bb1_2&Prime; _builder_version=\u00a0\u00bb4.22.1&Prime; _module_preset=\u00a0\u00bbdefault\u00a0\u00bb global_colors_info=\u00a0\u00bb{}\u00a0\u00bb][et_pb_image src=\u00a0\u00bbhttps:\/\/www.galeriegrenadine.com\/melun\/wp-content\/uploads\/sites\/4\/2025\/01\/location-photobooth-77.jpg\u00a0\u00bb title_text=\u00a0\u00bblocation photobooth 77&Prime; _builder_version=\u00a0\u00bb4.22.1&Prime; _module_preset=\u00a0\u00bbdefault\u00a0\u00bb border_width_all=\u00a0\u00bb2px\u00a0\u00bb global_colors_info=\u00a0\u00bb{}\u00a0\u00bb][\/et_pb_image][\/et_pb_column][et_pb_column type=\u00a0\u00bb1_2&Prime; _builder_version=\u00a0\u00bb4.22.1&Prime; _module_preset=\u00a0\u00bbdefault\u00a0\u00bb global_colors_info=\u00a0\u00bb{}\u00a0\u00bb][et_pb_image src=\u00a0\u00bbhttps:\/\/www.galeriegrenadine.com\/melun\/wp-content\/uploads\/sites\/4\/2025\/01\/location-photobooth-mariage-77.jpg\u00a0\u00bb title_text=\u00a0\u00bblocation photobooth mariage 77&Prime; _builder_version=\u00a0\u00bb4.22.1&Prime; _module_preset=\u00a0\u00bbdefault\u00a0\u00bb border_width_all=\u00a0\u00bb2px\u00a0\u00bb global_colors_info=\u00a0\u00bb{}\u00a0\u00bb][\/et_pb_image][\/et_pb_column][\/et_pb_row][\/et_pb_section][et_pb_section fb_built=\u00a0\u00bb1&Prime; _builder_version=\u00a0\u00bb4.22.1&Prime; _module_preset=\u00a0\u00bbdefault\u00a0\u00bb custom_padding=\u00a0\u00bb0px|||||\u00a0\u00bb hover_enabled=\u00a0\u00bb0&Prime; global_colors_info=\u00a0\u00bb{}\u00a0\u00bb sticky_enabled=\u00a0\u00bb0&Prime;][et_pb_row _builder_version=\u00a0\u00bb4.22.1&Prime; _module_preset=\u00a0\u00bbdefault\u00a0\u00bb custom_padding=\u00a0\u00bb0px|||||\u00a0\u00bb global_colors_info=\u00a0\u00bb{}\u00a0\u00bb][et_pb_column type=\u00a0\u00bb4_4&Prime; _builder_version=\u00a0\u00bb4.22.1&Prime; _module_preset=\u00a0\u00bbdefault\u00a0\u00bb global_colors_info=\u00a0\u00bb{}\u00a0\u00bb][et_pb_text _builder_version=\u00a0\u00bb4.22.1&Prime; _module_preset=\u00a0\u00bbdefault\u00a0\u00bb global_colors_info=\u00a0\u00bb{}\u00a0\u00bb]<\/p>\n<h1><b>Location Photobooth en Seine-et-Marne 77 : Mariages, Anniversaires et \u00c9v\u00e9nements d&rsquo;Entreprise<\/b><\/h1>\n<p><b><\/b><\/p>\n<p><b><\/b><\/p>\n<h2><b>Cr\u00e9ez des Souvenirs Inoubliables en reservant la location du photobooth Grenadine !<\/b><\/h2>\n<p><span style=\"font-weight: 400;\">Vous organisez un mariage, un anniversaire ou un \u00e9v\u00e9nement d&rsquo;entreprise en Seine-et-Marne ? Profitez de notre offre de location photobooth pour capturer des instants magiques et offrir \u00e0 vos invit\u00e9s une exp\u00e9rience ludique et m\u00e9morable. Avec notre photobooth, <\/span><b>touchez l&rsquo;\u00e9cran, souriez et c&rsquo;est tout !<\/b><\/p>\n<p><b><\/b><\/p>\n<p><b><\/b><\/p>\n<h3><b>Pourquoi prendre une location Photobooth ?<\/b><\/h3>\n<p><span style=\"font-weight: 400;\">Nos photobooths sont con\u00e7us pour allier simplicit\u00e9 d&rsquo;utilisation, confort et qualit\u00e9 professionnelle :<\/span><\/p>\n<ul>\n<li style=\"font-weight: 400;\" aria-level=\"1\"><b>Montage rapide<\/b><span style=\"font-weight: 400;\"> en seulement 10 minutes.<\/span><\/li>\n<li style=\"font-weight: 400;\" aria-level=\"1\"><b>Transport pratique<\/b><span style=\"font-weight: 400;\"> gr\u00e2ce \u00e0 un flycase \u00e0 roulettes.<\/span><\/li>\n<li style=\"font-weight: 400;\" aria-level=\"1\"><b>Tuto vid\u00e9o d\u00e9taill\u00e9<\/b><span style=\"font-weight: 400;\"> pour une installation facile.<\/span><\/li>\n<li style=\"font-weight: 400;\" aria-level=\"1\"><b>\u00c9cran ultra-large de 21,5 pouces<\/b><span style=\"font-weight: 400;\">, pour un confort visuel optimal.<\/span><\/li>\n<li style=\"font-weight: 400;\" aria-level=\"1\"><b>Impression instantan\u00e9e<\/b><span style=\"font-weight: 400;\"> des photos, pour offrir des souvenirs imm\u00e9diatement \u00e0 vos invit\u00e9s.<\/span><\/li>\n<li style=\"font-weight: 400;\" aria-level=\"1\"><b>R\u00e9cup\u00e9ration des photos sur cl\u00e9 USB<\/b><span style=\"font-weight: 400;\">, pour garder tous les clich\u00e9s.<\/span><\/li>\n<\/ul>\n<p><span style=\"font-weight: 400;\"><\/span><\/p>\n<h3><b>Tarifs et Options<\/b><\/h3>\n<p><span style=\"font-weight: 400;\">Nous proposons des tarifs accessibles pour tous vos \u00e9v\u00e9nements :<\/span><\/p>\n<ul>\n<li style=\"font-weight: 400;\" aria-level=\"1\"><b>269\u20ac \u00e0 369\u20ac<\/b><span style=\"font-weight: 400;\"> selon la formule choisie.<\/span><\/li>\n<li style=\"font-weight: 400;\" aria-level=\"1\"><span style=\"font-weight: 400;\">Inclus : <\/span><b>Rouleau de 400 photos 10&#215;15 cm<\/b><span style=\"font-weight: 400;\">.<\/span><\/li>\n<li style=\"font-weight: 400;\" aria-level=\"1\"><span style=\"font-weight: 400;\">Rouleau suppl\u00e9mentaire : <\/span><b>65\u20ac<\/b><span style=\"font-weight: 400;\">.<\/span><\/li>\n<\/ul>\n<p><span style=\"font-weight: 400;\"><\/span><\/p>\n<h3><b>Modalit\u00e9s de Location photobooth<\/b><\/h3>\n<ul>\n<li style=\"font-weight: 400;\" aria-level=\"1\"><b>\u00c0 r\u00e9cup\u00e9rer sur Melun<\/b><span style=\"font-weight: 400;\">, du mardi au samedi.<\/span><\/li>\n<li style=\"font-weight: 400;\" aria-level=\"1\"><span style=\"font-weight: 400;\">R\u00e9servation : <\/span><b>150\u20ac<\/b><span style=\"font-weight: 400;\">.<\/span><\/li>\n<li style=\"font-weight: 400;\" aria-level=\"1\"><span style=\"font-weight: 400;\">Caution : <\/span><b>500\u20ac<\/b><span style=\"font-weight: 400;\">.<\/span><\/li>\n<li style=\"font-weight: 400;\" aria-level=\"1\"><span style=\"font-weight: 400;\">Pour toute information, <a href=\"https:\/\/www.galeriegrenadine.com\/melun\/le-studio\/\"><span style=\"text-decoration: underline;\">contactez-nous<\/span><\/a> au <\/span><b>01 64 37 35 85<\/b><span style=\"font-weight: 400;\">.<\/span><\/li>\n<\/ul>\n<p><span style=\"font-weight: 400;\"><\/span><\/p>\n<h3><b>Une Exp\u00e9rience Unique pour Vos \u00c9v\u00e9nements<\/b><\/h3>\n<p><span style=\"font-weight: 400;\">Que ce soit pour c\u00e9l\u00e9brer un mariage, immortaliser un anniversaire ou dynamiser un \u00e9v\u00e9nement d\u2019entreprise, notre photobooth garantit des moments de joie et de convivialit\u00e9. Vos invit\u00e9s repartiront avec des souvenirs uniques qu\u2019ils ch\u00e9riront longtemps.<\/span><\/p>\n<p><b>R\u00e9servez d\u00e8s maintenant votre photobooth en Seine-et-Marne et cr\u00e9ez des souvenirs inoubliables !<\/b><\/p>\n<p>[\/et_pb_text][\/et_pb_column][\/et_pb_row][\/et_pb_section]<\/p>\n","protected":false},"excerpt":{"rendered":"<p>Location Photobooth en Seine-et-Marne 77 : Mariages, Anniversaires et \u00c9v\u00e9nements d&rsquo;Entreprise Cr\u00e9ez des Souvenirs Inoubliables en reservant la location du photobooth Grenadine ! Vous organisez un mariage, un anniversaire ou un \u00e9v\u00e9nement d&rsquo;entreprise en Seine-et-Marne ? Profitez de notre offre de location photobooth pour capturer des instants magiques et offrir \u00e0 vos invit\u00e9s une exp\u00e9rience <a href=\"https:\/\/www.galeriegrenadine.com\/melun\/location-photobooth-77-melun-fontainebleau\/\" title=\"Location Photobooth 77 &#8211; Melun &#8211; Fontainebleau\" rel=\"bookmark\">[Lire la suite]<\/a><\/p>\n","protected":false},"author":3,"featured_media":7310,"parent":0,"menu_order":0,"comment_status":"closed","ping_status":"closed","template":"","meta":{"_et_pb_use_builder":"on","_et_pb_old_content":"","_et_gb_content_width":"","_uf_show_specific_survey":0,"_uf_disable_surveys":false,"footnotes":""},"class_list":["post-6696","page","type-page","status-publish","has-post-thumbnail","hentry"],"yoast_head":"<!-- This site is optimized with the Yoast SEO plugin v27.5 - https:\/\/yoast.com\/product\/yoast-seo-wordpress\/ -->\n<title>Location Photobooth 77 - Melun - Fontainebleau - Grenadine Photographe Melun<\/title>\n<meta name=\"description\" content=\"Location photobooth en seine et marne 77 \u00e0 Melun pour votre mariage, anniversaire ou \u00e9v\u00e9nement d&#039;entreprise. \u00c0 partir de 269\u20ac !\" \/>\n<meta name=\"robots\" content=\"index, follow, max-snippet:-1, max-image-preview:large, max-video-preview:-1\" \/>\n<link rel=\"canonical\" href=\"https:\/\/www.galeriegrenadine.com\/melun\/location-photobooth-77-melun-fontainebleau\/\" \/>\n<meta property=\"og:locale\" content=\"fr_FR\" \/>\n<meta property=\"og:type\" content=\"article\" \/>\n<meta property=\"og:title\" content=\"Location Photobooth 77 - Melun - Fontainebleau - Grenadine Photographe Melun\" \/>\n<meta property=\"og:description\" content=\"Location photobooth en seine et marne 77 \u00e0 Melun pour votre mariage, anniversaire ou \u00e9v\u00e9nement d&#039;entreprise. \u00c0 partir de 269\u20ac !\" \/>\n<meta property=\"og:url\" content=\"https:\/\/www.galeriegrenadine.com\/melun\/location-photobooth-77-melun-fontainebleau\/\" \/>\n<meta property=\"og:site_name\" content=\"Grenadine Photographe Melun\" \/>\n<meta property=\"article:publisher\" content=\"https:\/\/www.facebook.com\/GalerieGrenadine\" \/>\n<meta property=\"article:modified_time\" content=\"2026-02-26T13:00:09+00:00\" \/>\n<meta property=\"og:image\" content=\"https:\/\/www.galeriegrenadine.com\/melun\/wp-content\/uploads\/sites\/4\/2025\/04\/2-copie.jpg\" \/>\n\t<meta property=\"og:image:width\" content=\"1264\" \/>\n\t<meta property=\"og:image:height\" content=\"899\" \/>\n\t<meta property=\"og:image:type\" content=\"image\/jpeg\" \/>\n<meta name=\"twitter:card\" content=\"summary_large_image\" \/>\n<meta name=\"twitter:label1\" content=\"Dur\u00e9e de lecture estim\u00e9e\" \/>\n\t<meta name=\"twitter:data1\" content=\"2 minutes\" \/>\n<script type=\"application\/ld+json\" class=\"yoast-schema-graph\">{\"@context\":\"https:\\\/\\\/schema.org\",\"@graph\":[{\"@type\":\"WebPage\",\"@id\":\"https:\\\/\\\/www.galeriegrenadine.com\\\/melun\\\/location-photobooth-77-melun-fontainebleau\\\/\",\"url\":\"https:\\\/\\\/www.galeriegrenadine.com\\\/melun\\\/location-photobooth-77-melun-fontainebleau\\\/\",\"name\":\"Location Photobooth 77 - Melun - Fontainebleau - Grenadine Photographe Melun\",\"isPartOf\":{\"@id\":\"https:\\\/\\\/www.galeriegrenadine.com\\\/melun\\\/#website\"},\"primaryImageOfPage\":{\"@id\":\"https:\\\/\\\/www.galeriegrenadine.com\\\/melun\\\/location-photobooth-77-melun-fontainebleau\\\/#primaryimage\"},\"image\":{\"@id\":\"https:\\\/\\\/www.galeriegrenadine.com\\\/melun\\\/location-photobooth-77-melun-fontainebleau\\\/#primaryimage\"},\"thumbnailUrl\":\"https:\\\/\\\/www.galeriegrenadine.com\\\/melun\\\/wp-content\\\/uploads\\\/sites\\\/4\\\/2025\\\/04\\\/2-copie.jpg\",\"datePublished\":\"2024-10-30T12:37:29+00:00\",\"dateModified\":\"2026-02-26T13:00:09+00:00\",\"description\":\"Location photobooth en seine et marne 77 \u00e0 Melun pour votre mariage, anniversaire ou \u00e9v\u00e9nement d'entreprise. \u00c0 partir de 269\u20ac !\",\"breadcrumb\":{\"@id\":\"https:\\\/\\\/www.galeriegrenadine.com\\\/melun\\\/location-photobooth-77-melun-fontainebleau\\\/#breadcrumb\"},\"inLanguage\":\"fr-FR\",\"potentialAction\":[{\"@type\":\"ReadAction\",\"target\":[\"https:\\\/\\\/www.galeriegrenadine.com\\\/melun\\\/location-photobooth-77-melun-fontainebleau\\\/\"]}]},{\"@type\":\"ImageObject\",\"inLanguage\":\"fr-FR\",\"@id\":\"https:\\\/\\\/www.galeriegrenadine.com\\\/melun\\\/location-photobooth-77-melun-fontainebleau\\\/#primaryimage\",\"url\":\"https:\\\/\\\/www.galeriegrenadine.com\\\/melun\\\/wp-content\\\/uploads\\\/sites\\\/4\\\/2025\\\/04\\\/2-copie.jpg\",\"contentUrl\":\"https:\\\/\\\/www.galeriegrenadine.com\\\/melun\\\/wp-content\\\/uploads\\\/sites\\\/4\\\/2025\\\/04\\\/2-copie.jpg\",\"width\":1264,\"height\":899,\"caption\":\"Location photobooth \u00e0 melun en seine et marne\"},{\"@type\":\"BreadcrumbList\",\"@id\":\"https:\\\/\\\/www.galeriegrenadine.com\\\/melun\\\/location-photobooth-77-melun-fontainebleau\\\/#breadcrumb\",\"itemListElement\":[{\"@type\":\"ListItem\",\"position\":1,\"name\":\"Accueil\",\"item\":\"https:\\\/\\\/www.galeriegrenadine.com\\\/melun\\\/\"},{\"@type\":\"ListItem\",\"position\":2,\"name\":\"Location Photobooth 77 &#8211; Melun &#8211; Fontainebleau\"}]},{\"@type\":\"WebSite\",\"@id\":\"https:\\\/\\\/www.galeriegrenadine.com\\\/melun\\\/#website\",\"url\":\"https:\\\/\\\/www.galeriegrenadine.com\\\/melun\\\/\",\"name\":\"Grenadine Photographe Melun\",\"description\":\"Votre photographe portraitiste\",\"potentialAction\":[{\"@type\":\"SearchAction\",\"target\":{\"@type\":\"EntryPoint\",\"urlTemplate\":\"https:\\\/\\\/www.galeriegrenadine.com\\\/melun\\\/?s={search_term_string}\"},\"query-input\":{\"@type\":\"PropertyValueSpecification\",\"valueRequired\":true,\"valueName\":\"search_term_string\"}}],\"inLanguage\":\"fr-FR\"}]}<\/script>\n<!-- \/ Yoast SEO plugin. -->","yoast_head_json":{"title":"Location Photobooth 77 - Melun - Fontainebleau - Grenadine Photographe Melun","description":"Location photobooth en seine et marne 77 \u00e0 Melun pour votre mariage, anniversaire ou \u00e9v\u00e9nement d'entreprise. \u00c0 partir de 269\u20ac !","robots":{"index":"index","follow":"follow","max-snippet":"max-snippet:-1","max-image-preview":"max-image-preview:large","max-video-preview":"max-video-preview:-1"},"canonical":"https:\/\/www.galeriegrenadine.com\/melun\/location-photobooth-77-melun-fontainebleau\/","og_locale":"fr_FR","og_type":"article","og_title":"Location Photobooth 77 - Melun - Fontainebleau - Grenadine Photographe Melun","og_description":"Location photobooth en seine et marne 77 \u00e0 Melun pour votre mariage, anniversaire ou \u00e9v\u00e9nement d'entreprise. \u00c0 partir de 269\u20ac !","og_url":"https:\/\/www.galeriegrenadine.com\/melun\/location-photobooth-77-melun-fontainebleau\/","og_site_name":"Grenadine Photographe Melun","article_publisher":"https:\/\/www.facebook.com\/GalerieGrenadine","article_modified_time":"2026-02-26T13:00:09+00:00","og_image":[{"width":1264,"height":899,"url":"https:\/\/www.galeriegrenadine.com\/melun\/wp-content\/uploads\/sites\/4\/2025\/04\/2-copie.jpg","type":"image\/jpeg"}],"twitter_card":"summary_large_image","twitter_misc":{"Dur\u00e9e de lecture estim\u00e9e":"2 minutes"},"schema":{"@context":"https:\/\/schema.org","@graph":[{"@type":"WebPage","@id":"https:\/\/www.galeriegrenadine.com\/melun\/location-photobooth-77-melun-fontainebleau\/","url":"https:\/\/www.galeriegrenadine.com\/melun\/location-photobooth-77-melun-fontainebleau\/","name":"Location Photobooth 77 - Melun - Fontainebleau - Grenadine Photographe Melun","isPartOf":{"@id":"https:\/\/www.galeriegrenadine.com\/melun\/#website"},"primaryImageOfPage":{"@id":"https:\/\/www.galeriegrenadine.com\/melun\/location-photobooth-77-melun-fontainebleau\/#primaryimage"},"image":{"@id":"https:\/\/www.galeriegrenadine.com\/melun\/location-photobooth-77-melun-fontainebleau\/#primaryimage"},"thumbnailUrl":"https:\/\/www.galeriegrenadine.com\/melun\/wp-content\/uploads\/sites\/4\/2025\/04\/2-copie.jpg","datePublished":"2024-10-30T12:37:29+00:00","dateModified":"2026-02-26T13:00:09+00:00","description":"Location photobooth en seine et marne 77 \u00e0 Melun pour votre mariage, anniversaire ou \u00e9v\u00e9nement d'entreprise. \u00c0 partir de 269\u20ac !","breadcrumb":{"@id":"https:\/\/www.galeriegrenadine.com\/melun\/location-photobooth-77-melun-fontainebleau\/#breadcrumb"},"inLanguage":"fr-FR","potentialAction":[{"@type":"ReadAction","target":["https:\/\/www.galeriegrenadine.com\/melun\/location-photobooth-77-melun-fontainebleau\/"]}]},{"@type":"ImageObject","inLanguage":"fr-FR","@id":"https:\/\/www.galeriegrenadine.com\/melun\/location-photobooth-77-melun-fontainebleau\/#primaryimage","url":"https:\/\/www.galeriegrenadine.com\/melun\/wp-content\/uploads\/sites\/4\/2025\/04\/2-copie.jpg","contentUrl":"https:\/\/www.galeriegrenadine.com\/melun\/wp-content\/uploads\/sites\/4\/2025\/04\/2-copie.jpg","width":1264,"height":899,"caption":"Location photobooth \u00e0 melun en seine et marne"},{"@type":"BreadcrumbList","@id":"https:\/\/www.galeriegrenadine.com\/melun\/location-photobooth-77-melun-fontainebleau\/#breadcrumb","itemListElement":[{"@type":"ListItem","position":1,"name":"Accueil","item":"https:\/\/www.galeriegrenadine.com\/melun\/"},{"@type":"ListItem","position":2,"name":"Location Photobooth 77 &#8211; Melun &#8211; Fontainebleau"}]},{"@type":"WebSite","@id":"https:\/\/www.galeriegrenadine.com\/melun\/#website","url":"https:\/\/www.galeriegrenadine.com\/melun\/","name":"Grenadine Photographe Melun","description":"Votre photographe portraitiste","potentialAction":[{"@type":"SearchAction","target":{"@type":"EntryPoint","urlTemplate":"https:\/\/www.galeriegrenadine.com\/melun\/?s={search_term_string}"},"query-input":{"@type":"PropertyValueSpecification","valueRequired":true,"valueName":"search_term_string"}}],"inLanguage":"fr-FR"}]}},"_links":{"self":[{"href":"https:\/\/www.galeriegrenadine.com\/melun\/wp-json\/wp\/v2\/pages\/6696","targetHints":{"allow":["GET"]}}],"collection":[{"href":"https:\/\/www.galeriegrenadine.com\/melun\/wp-json\/wp\/v2\/pages"}],"about":[{"href":"https:\/\/www.galeriegrenadine.com\/melun\/wp-json\/wp\/v2\/types\/page"}],"author":[{"embeddable":true,"href":"https:\/\/www.galeriegrenadine.com\/melun\/wp-json\/wp\/v2\/users\/3"}],"replies":[{"embeddable":true,"href":"https:\/\/www.galeriegrenadine.com\/melun\/wp-json\/wp\/v2\/comments?post=6696"}],"version-history":[{"count":0,"href":"https:\/\/www.galeriegrenadine.com\/melun\/wp-json\/wp\/v2\/pages\/6696\/revisions"}],"wp:featuredmedia":[{"embeddable":true,"href":"https:\/\/www.galeriegrenadine.com\/melun\/wp-json\/wp\/v2\/media\/7310"}],"wp:attachment":[{"href":"https:\/\/www.galeriegrenadine.com\/melun\/wp-json\/wp\/v2\/media?parent=6696"}],"curies":[{"name":"wp","href":"https:\/\/api.w.org\/{rel}","templated":true}]}}