{"id":429,"date":"2014-09-11T18:36:11","date_gmt":"2014-09-11T16:36:11","guid":{"rendered":"https:\/\/www.galeriegrenadine.com\/angers\/?page_id=429"},"modified":"2019-07-10T15:36:26","modified_gmt":"2019-07-10T13:36:26","slug":"garantie","status":"publish","type":"page","link":"https:\/\/www.galeriegrenadine.com\/angers\/garantie\/","title":{"rendered":"Garantie"},"content":{"rendered":"<p>[et_pb_section fb_built=\u00a0\u00bb1&Prime; admin_label=\u00a0\u00bbsection\u00a0\u00bb _builder_version=\u00a0\u00bb3.0.47&Prime;][et_pb_row admin_label=\u00a0\u00bbrow\u00a0\u00bb _builder_version=\u00a0\u00bb3.0.48&Prime; background_size=\u00a0\u00bbinitial\u00a0\u00bb background_position=\u00a0\u00bbtop_left\u00a0\u00bb background_repeat=\u00a0\u00bbrepeat\u00a0\u00bb][et_pb_column type=\u00a0\u00bb4_4&Prime; _builder_version=\u00a0\u00bb3.0.47&Prime;][et_pb_image src=\u00a0\u00bbhttps:\/\/www.galeriegrenadine.com\/angers\/wp-content\/uploads\/sites\/12\/2017\/02\/Photographe-nouveau-ne\u0301-fontainebleau-2-4.jpg\u00a0\u00bb _builder_version=\u00a0\u00bb3.20.2&Prime;][\/et_pb_image][et_pb_text admin_label=\u00a0\u00bbText\u00a0\u00bb _builder_version=\u00a0\u00bb3.0.74&Prime; background_size=\u00a0\u00bbinitial\u00a0\u00bb background_position=\u00a0\u00bbtop_left\u00a0\u00bb background_repeat=\u00a0\u00bbrepeat\u00a0\u00bb]<\/p>\n<p>\u00a0<span style=\"font-size: 26px;\">Qualit\u00e9s &amp; Garanties 100% <\/span><span style=\"font-size: 26px; color: #e2007a;\">Grenadine<\/span><span style=\"font-size: 26px;\"> !<\/span><\/p>\n<p>Au Studio <span style=\"color: #e2007a;\">Grenadine<\/span>, aucune mauvaise surprise&#8230; Lorsqu&rsquo;un rendez-vous est pris, il est <span style=\"color: #e2007a;\">honor\u00e9<\/span> !<\/p>\n<p style=\"text-align: left;\">Si vous \u00eates, \u00e0 n&rsquo;importe quel moment,<span style=\"color: #e2007a;\"> insatisfait<\/span> de votre s\u00e9ance photo ou d&rsquo;un produit<span style=\"color: #e2007a;\"> Grenadine<\/span>, l&rsquo;\u00e9quipe vous<span style=\"color: #e2007a;\"> rembourse <\/span>enti\u00e8rement la prestation ou la recommence, et vous <span style=\"color: #e2007a;\">remplace<\/span> les produits concern\u00e9s.<\/p>\n<p style=\"text-align: left;\">Nos fournisseurs r\u00e9alisent pour vous des articles<span style=\"color: #e2007a;\"> sur mesure et \u00e0 la main<\/span>. Tous les albums livr\u00e9s sont compos\u00e9s et r\u00e9alis\u00e9s uniquement par<span style=\"color: #e2007a;\"> Grenadine<\/span>.<\/p>\n<p>[\/et_pb_text][\/et_pb_column][\/et_pb_row][et_pb_row _builder_version=\u00a0\u00bb3.20.2&Prime;][et_pb_column type=\u00a0\u00bb4_4&Prime; _builder_version=\u00a0\u00bb3.20.2&Prime;][\/et_pb_column][\/et_pb_row][\/et_pb_section]<\/p>\n","protected":false},"excerpt":{"rendered":"<p>\u00a0Qualit\u00e9s &amp; Garanties 100% Grenadine ! Au Studio Grenadine, aucune mauvaise surprise&#8230; Lorsqu&rsquo;un rendez-vous est pris, il est honor\u00e9 ! Si vous \u00eates, \u00e0 n&rsquo;importe quel moment, insatisfait de votre s\u00e9ance photo ou d&rsquo;un produit Grenadine, l&rsquo;\u00e9quipe vous rembourse enti\u00e8rement la prestation ou la recommence, et vous remplace les produits concern\u00e9s. Nos fournisseurs r\u00e9alisent pour <a href=\"https:\/\/www.galeriegrenadine.com\/angers\/garantie\/\" title=\"Garantie\" rel=\"bookmark\">[Lire la suite]<\/a><\/p>\n","protected":false},"author":1,"featured_media":2867,"parent":0,"menu_order":0,"comment_status":"closed","ping_status":"closed","template":"","meta":{"_et_pb_use_builder":"on","_et_pb_old_content":"[vc_row][vc_column][vc_empty_space el_class=\"fondicones\"][vc_column_text]\r\n<p style=\"text-align: left;\">.<\/p>\r\n\r\n<h2 style=\"text-align: left;\">Qualit\u00e9s & Garanties 100% <span style=\"color: #e2007a;\">Grenadine<\/span> !<\/h2>\r\nAu Studio <span style=\"color: #e2007a;\">Grenadine<\/span>, aucune mauvaise surprise... Lorsqu'un rendez-vous est pris, il est <span style=\"color: #e2007a;\">honor\u00e9<\/span> !\r\n<p style=\"text-align: left;\">Si vous \u00eates, \u00e0 n'importe quel moment,<span style=\"color: #e2007a;\"> insatisfait<\/span> de votre s\u00e9ance photo ou d'un produit<span style=\"color: #e2007a;\"> Grenadine<\/span>, l'\u00e9quipe vous<span style=\"color: #e2007a;\"> rembourse <\/span>enti\u00e8rement la prestation ou la recommence, et vous <span style=\"color: #e2007a;\">remplace<\/span> les produits concern\u00e9s.<\/p>\r\n<p style=\"text-align: left;\">Nos fournisseurs r\u00e9alisent pour vous des articles<span style=\"color: #e2007a;\"> sur mesure et \u00e0 la main<\/span>. Tous les albums livr\u00e9s sont compos\u00e9s et r\u00e9alis\u00e9s uniquement par<span style=\"color: #e2007a;\"> Grenadine<\/span>.<\/p>\r\n<p style=\"text-align: center;\">\u00a0<a href=\"https:\/\/www.galeriegrenadine.com\/angers\/wp-content\/uploads\/sites\/12\/2014\/08\/Badge.jpg\">\r\n<\/a><\/p>\r\n[\/vc_column_text][\/vc_column][\/vc_row][vc_row][vc_column][\/vc_column][\/vc_row][vc_row][vc_column][vc_column_text]\r\n\r\n\u00a0\r\n\r\n<a href=\"https:\/\/www.galeriegrenadine.com\/le-studio\/\"><img class=\"aligncenter wp-image-1000 size-full\" src=\"https:\/\/www.galeriegrenadine.com\/angers\/wp-content\/uploads\/sites\/12\/2015\/02\/studio-photo-melun-copie.jpg\" alt=\"Photographe famille paris\" width=\"975\" height=\"519\" \/><\/a>[\/vc_column_text][\/vc_column][\/vc_row]","_et_gb_content_width":"","_uf_show_specific_survey":0,"_uf_disable_surveys":false,"footnotes":""},"class_list":["post-429","page","type-page","status-publish","has-post-thumbnail","hentry"],"_links":{"self":[{"href":"https:\/\/www.galeriegrenadine.com\/angers\/wp-json\/wp\/v2\/pages\/429","targetHints":{"allow":["GET"]}}],"collection":[{"href":"https:\/\/www.galeriegrenadine.com\/angers\/wp-json\/wp\/v2\/pages"}],"about":[{"href":"https:\/\/www.galeriegrenadine.com\/angers\/wp-json\/wp\/v2\/types\/page"}],"author":[{"embeddable":true,"href":"https:\/\/www.galeriegrenadine.com\/angers\/wp-json\/wp\/v2\/users\/1"}],"replies":[{"embeddable":true,"href":"https:\/\/www.galeriegrenadine.com\/angers\/wp-json\/wp\/v2\/comments?post=429"}],"version-history":[{"count":0,"href":"https:\/\/www.galeriegrenadine.com\/angers\/wp-json\/wp\/v2\/pages\/429\/revisions"}],"wp:featuredmedia":[{"embeddable":true,"href":"https:\/\/www.galeriegrenadine.com\/angers\/wp-json\/wp\/v2\/media\/2867"}],"wp:attachment":[{"href":"https:\/\/www.galeriegrenadine.com\/angers\/wp-json\/wp\/v2\/media?parent=429"}],"curies":[{"name":"wp","href":"https:\/\/api.w.org\/{rel}","templated":true}]}}